{"id":2316,"date":"2024-08-23T19:39:11","date_gmt":"2024-08-24T01:39:11","guid":{"rendered":"https:\/\/kzcrshop.com\/?post_type=product&#038;p=2316"},"modified":"2026-05-11T22:11:31","modified_gmt":"2026-05-12T04:11:31","slug":"kz-castor","status":"publish","type":"product","link":"https:\/\/kzcrshop.com\/?product=kz-castor","title":{"rendered":"KZ Castor"},"content":{"rendered":"<p>Los in-ears KZ Castor est\u00e1n constru\u00eddos sobre la curva Harman FR por medio de un dise\u00f1o \u00fanico con dos controladores din\u00e1micos apilados: controlador de 10mm dedicado\u00a0 reproducir de 20 &#8211; 200 Hz y el controlador de 8mm dedicado a las frecuencias medias y altas. El modelo KZ Castor tambi\u00e9n incorpora un controlador anal\u00f3gico de frecuencias que permite al usuario amplias opciones de ecualizaci\u00f3n (modificar el espectro de frecuencias de salida).<\/p>\n<p>El modelo KZ Castor est\u00e1 disponible en dos ediciones:<\/p>\n<p><strong>KZ Castor Harman:<\/strong> edici\u00f3n con frecuencias balanceadas (Color plata).<\/p>\n<p><strong>KZ Castor Bass Target Harman:<\/strong> Dise\u00f1ado con un Boost en las frecuencias subgraves y graves (Color negro &#8211; incluye 1 par de almohadillas viscoel\u00e1sticas).<\/p>\n<p><strong>Especificaciones:<\/strong><\/p>\n<ul>\n<li>20 &#8211; 40 000 Hz<\/li>\n<li>Impedancia: 31 &#8211; 50 Ohms<\/li>\n<li>Sensibilidad: 105 dB<\/li>\n<\/ul>\n","protected":false},"excerpt":{"rendered":"<p>Auricular basado en la curva Harman FR con doble driver din\u00e1mico apilado.<\/p>\n","protected":false},"featured_media":2309,"comment_status":"open","ping_status":"closed","template":"","meta":{"om_disable_all_campaigns":false,"_uag_custom_page_level_css":"","_monsterinsights_skip_tracking":false,"_monsterinsights_sitenote_active":false,"_monsterinsights_sitenote_note":"","_monsterinsights_sitenote_category":0,"site-sidebar-layout":"default","site-content-layout":"","ast-site-content-layout":"default","site-content-style":"default","site-sidebar-style":"default","ast-global-header-display":"","ast-banner-title-visibility":"","ast-main-header-display":"","ast-hfb-above-header-display":"","ast-hfb-below-header-display":"","ast-hfb-mobile-header-display":"","site-post-title":"","ast-breadcrumbs-content":"","ast-featured-img":"","footer-sml-layout":"","ast-disable-related-posts":"","theme-transparent-header-meta":"default","adv-header-id-meta":"","stick-header-meta":"","header-above-stick-meta":"","header-main-stick-meta":"","header-below-stick-meta":"","astra-migrate-meta-layouts":"set","ast-page-background-enabled":"default","ast-page-background-meta":{"desktop":{"background-color":"var(--ast-global-color-4)","background-image":"","background-repeat":"repeat","background-position":"center center","background-size":"auto","background-attachment":"scroll","background-type":"","background-media":"","overlay-type":"","overlay-color":"","overlay-opacity":"","overlay-gradient":""},"tablet":{"background-color":"","background-image":"","background-repeat":"repeat","background-position":"center center","background-size":"auto","background-attachment":"scroll","background-type":"","background-media":"","overlay-type":"","overlay-color":"","overlay-opacity":"","overlay-gradient":""},"mobile":{"background-color":"","background-image":"","background-repeat":"repeat","background-position":"center center","background-size":"auto","background-attachment":"scroll","background-type":"","background-media":"","overlay-type":"","overlay-color":"","overlay-opacity":"","overlay-gradient":""}},"ast-content-background-meta":{"desktop":{"background-color":"var(--ast-global-color-5)","background-image":"","background-repeat":"repeat","background-position":"center center","background-size":"auto","background-attachment":"scroll","background-type":"","background-media":"","overlay-type":"","overlay-color":"","overlay-opacity":"","overlay-gradient":""},"tablet":{"background-color":"var(--ast-global-color-5)","background-image":"","background-repeat":"repeat","background-position":"center center","background-size":"auto","background-attachment":"scroll","background-type":"","background-media":"","overlay-type":"","overlay-color":"","overlay-opacity":"","overlay-gradient":""},"mobile":{"background-color":"var(--ast-global-color-5)","background-image":"","background-repeat":"repeat","background-position":"center center","background-size":"auto","background-attachment":"scroll","background-type":"","background-media":"","overlay-type":"","overlay-color":"","overlay-opacity":"","overlay-gradient":""}}},"product_brand":[],"product_cat":[41],"product_tag":[35,39,36,37,38,40],"class_list":{"0":"post-2316","1":"product","2":"type-product","3":"status-publish","4":"has-post-thumbnail","6":"product_cat-driverdinamico","7":"product_tag-audifonos","8":"product_tag-audio","9":"product_tag-auriculares","10":"product_tag-in-ears","11":"product_tag-musica","12":"product_tag-sonido","13":"desktop-align-left","14":"tablet-align-left","15":"mobile-align-left","17":"first","18":"instock","19":"shipping-taxable","20":"purchasable","21":"product-type-variable"},"supplier_id":null,"supplier_sku":"","barcode":null,"atum_controlled":true,"out_stock_date":null,"out_stock_threshold":null,"inheritable":true,"inbound_stock":0,"stock_on_hold":1,"sold_today":0,"sales_last_days":1,"reserved_stock":0,"customer_returns":0,"warehouse_damage":0,"lost_in_post":0,"other_logs":0,"out_stock_days":0,"lost_sales":0,"has_location":false,"update_date":"2026-05-13T04:00:32","atum_locations":[],"atum_stock_status":"instock","restock_status":false,"low_stock_amount":"","sales_update_date":"2026-05-13T04:00:32","calc_backorders":null,"aioseo_notices":[],"uagb_featured_image_src":{"full":["https:\/\/kzcrshop.com\/wp-content\/uploads\/2024\/08\/Black-Principal.jpg",1500,1500,false],"thumbnail":["https:\/\/kzcrshop.com\/wp-content\/uploads\/2024\/08\/Black-Principal-150x150.jpg",150,150,true],"medium":["https:\/\/kzcrshop.com\/wp-content\/uploads\/2024\/08\/Black-Principal-300x300.jpg",300,300,true],"medium_large":["https:\/\/kzcrshop.com\/wp-content\/uploads\/2024\/08\/Black-Principal-768x768.jpg",768,768,true],"large":["https:\/\/kzcrshop.com\/wp-content\/uploads\/2024\/08\/Black-Principal-1024x1024.jpg",1024,1024,true],"1536x1536":["https:\/\/kzcrshop.com\/wp-content\/uploads\/2024\/08\/Black-Principal.jpg",1500,1500,false],"2048x2048":["https:\/\/kzcrshop.com\/wp-content\/uploads\/2024\/08\/Black-Principal.jpg",1500,1500,false],"woocommerce_thumbnail":["https:\/\/kzcrshop.com\/wp-content\/uploads\/2024\/08\/Black-Principal-300x300.jpg",300,300,true],"woocommerce_single":["https:\/\/kzcrshop.com\/wp-content\/uploads\/2024\/08\/Black-Principal-600x600.jpg",600,600,true],"woocommerce_gallery_thumbnail":["https:\/\/kzcrshop.com\/wp-content\/uploads\/2024\/08\/Black-Principal-100x100.jpg",100,100,true]},"uagb_author_info":{"display_name":"kzcrshop.com","author_link":"https:\/\/kzcrshop.com\/?author=0"},"uagb_comment_info":0,"uagb_excerpt":"Auricular basado en la curva Harman FR con doble driver din\u00e1mico apilado.","_links":{"self":[{"href":"https:\/\/kzcrshop.com\/index.php?rest_route=\/wp\/v2\/product\/2316"}],"collection":[{"href":"https:\/\/kzcrshop.com\/index.php?rest_route=\/wp\/v2\/product"}],"about":[{"href":"https:\/\/kzcrshop.com\/index.php?rest_route=\/wp\/v2\/types\/product"}],"replies":[{"embeddable":true,"href":"https:\/\/kzcrshop.com\/index.php?rest_route=%2Fwp%2Fv2%2Fcomments&post=2316"}],"wp:featuredmedia":[{"embeddable":true,"href":"https:\/\/kzcrshop.com\/index.php?rest_route=\/wp\/v2\/media\/2309"}],"wp:attachment":[{"href":"https:\/\/kzcrshop.com\/index.php?rest_route=%2Fwp%2Fv2%2Fmedia&parent=2316"}],"wp:term":[{"taxonomy":"product_brand","embeddable":true,"href":"https:\/\/kzcrshop.com\/index.php?rest_route=%2Fwp%2Fv2%2Fproduct_brand&post=2316"},{"taxonomy":"product_cat","embeddable":true,"href":"https:\/\/kzcrshop.com\/index.php?rest_route=%2Fwp%2Fv2%2Fproduct_cat&post=2316"},{"taxonomy":"product_tag","embeddable":true,"href":"https:\/\/kzcrshop.com\/index.php?rest_route=%2Fwp%2Fv2%2Fproduct_tag&post=2316"}],"curies":[{"name":"wp","href":"https:\/\/api.w.org\/{rel}","templated":true}]}}