{"id":2611,"date":"2025-02-25T11:48:55","date_gmt":"2025-02-25T17:48:55","guid":{"rendered":"https:\/\/kzcrshop.com\/?post_type=product&#038;p=2611"},"modified":"2026-04-27T15:04:12","modified_gmt":"2026-04-27T21:04:12","slug":"kz-zs10-pro-x","status":"publish","type":"product","link":"https:\/\/kzcrshop.com\/?product=kz-zs10-pro-x","title":{"rendered":"KZ ZS10 Pro X"},"content":{"rendered":"<p>Los in-ears KZ ZS10 Pro X es una actualizaci\u00f3n de la versi\u00f3n KZ ZS10 Pro, al igual que su antecesor incorpora un sistema h\u00edbrido de 10 drivers: 8 de armadura balanceada y 2 drivers din\u00e1micos, solo que en esta edici\u00f3n los drivers son m\u00e1s actualizados. Los in-ears brindan una calidad y definici\u00f3n de audio ideal para monitoreo en vivo. El modelo KZ ZS10 Pro X incorpora un controlador anal\u00f3gico de frecuencias en cada in-ear que permite al usuario amplias opciones de ecualizaci\u00f3n (modificar el espectro de frecuencias de salida).<\/p>\n<p><strong>Especificaciones:<\/strong><\/p>\n<ul>\n<li>Rango de frecuencia: 20 &#8211; 40 000 Hz<\/li>\n<li>Impedancia: 29 Ohms<\/li>\n<li>Sensibilidad: 112 dB<\/li>\n<\/ul>\n","protected":false},"excerpt":{"rendered":"<p>Auriculares Intraurales con con 10 drivers en formato h\u00edbrido.<\/p>\n","protected":false},"featured_media":2617,"comment_status":"open","ping_status":"closed","template":"","meta":{"om_disable_all_campaigns":false,"_uag_custom_page_level_css":"","_monsterinsights_skip_tracking":false,"_monsterinsights_sitenote_active":false,"_monsterinsights_sitenote_note":"","_monsterinsights_sitenote_category":0,"site-sidebar-layout":"default","site-content-layout":"","ast-site-content-layout":"default","site-content-style":"default","site-sidebar-style":"default","ast-global-header-display":"","ast-banner-title-visibility":"","ast-main-header-display":"","ast-hfb-above-header-display":"","ast-hfb-below-header-display":"","ast-hfb-mobile-header-display":"","site-post-title":"","ast-breadcrumbs-content":"","ast-featured-img":"","footer-sml-layout":"","ast-disable-related-posts":"","theme-transparent-header-meta":"default","adv-header-id-meta":"","stick-header-meta":"","header-above-stick-meta":"","header-main-stick-meta":"","header-below-stick-meta":"","astra-migrate-meta-layouts":"set","ast-page-background-enabled":"default","ast-page-background-meta":{"desktop":{"background-color":"var(--ast-global-color-4)","background-image":"","background-repeat":"repeat","background-position":"center center","background-size":"auto","background-attachment":"scroll","background-type":"","background-media":"","overlay-type":"","overlay-color":"","overlay-opacity":"","overlay-gradient":""},"tablet":{"background-color":"","background-image":"","background-repeat":"repeat","background-position":"center center","background-size":"auto","background-attachment":"scroll","background-type":"","background-media":"","overlay-type":"","overlay-color":"","overlay-opacity":"","overlay-gradient":""},"mobile":{"background-color":"","background-image":"","background-repeat":"repeat","background-position":"center center","background-size":"auto","background-attachment":"scroll","background-type":"","background-media":"","overlay-type":"","overlay-color":"","overlay-opacity":"","overlay-gradient":""}},"ast-content-background-meta":{"desktop":{"background-color":"var(--ast-global-color-5)","background-image":"","background-repeat":"repeat","background-position":"center center","background-size":"auto","background-attachment":"scroll","background-type":"","background-media":"","overlay-type":"","overlay-color":"","overlay-opacity":"","overlay-gradient":""},"tablet":{"background-color":"var(--ast-global-color-5)","background-image":"","background-repeat":"repeat","background-position":"center center","background-size":"auto","background-attachment":"scroll","background-type":"","background-media":"","overlay-type":"","overlay-color":"","overlay-opacity":"","overlay-gradient":""},"mobile":{"background-color":"var(--ast-global-color-5)","background-image":"","background-repeat":"repeat","background-position":"center center","background-size":"auto","background-attachment":"scroll","background-type":"","background-media":"","overlay-type":"","overlay-color":"","overlay-opacity":"","overlay-gradient":""}}},"product_brand":[],"product_cat":[44],"product_tag":[35,39,36,37,38,40],"class_list":{"0":"post-2611","1":"product","2":"type-product","3":"status-publish","4":"has-post-thumbnail","6":"product_cat-tcnologiahibrida","7":"product_tag-audifonos","8":"product_tag-audio","9":"product_tag-auriculares","10":"product_tag-in-ears","11":"product_tag-musica","12":"product_tag-sonido","13":"desktop-align-left","14":"tablet-align-left","15":"mobile-align-left","17":"first","18":"outofstock","19":"shipping-taxable","20":"purchasable","21":"product-type-variable"},"supplier_id":null,"supplier_sku":"","barcode":null,"atum_controlled":true,"out_stock_date":null,"out_stock_threshold":null,"inheritable":true,"inbound_stock":0,"stock_on_hold":1,"sold_today":0,"sales_last_days":0,"reserved_stock":0,"customer_returns":0,"warehouse_damage":0,"lost_in_post":0,"other_logs":0,"out_stock_days":0,"lost_sales":0,"has_location":false,"update_date":"2026-05-13T04:00:30","atum_locations":[],"atum_stock_status":"outofstock","restock_status":false,"low_stock_amount":"","sales_update_date":"2026-05-13T04:00:30","calc_backorders":null,"aioseo_notices":[],"uagb_featured_image_src":{"full":["https:\/\/kzcrshop.com\/wp-content\/uploads\/2025\/02\/KZ-ZS10-Pro-X-No-MIC.jpg",1000,1000,false],"thumbnail":["https:\/\/kzcrshop.com\/wp-content\/uploads\/2025\/02\/KZ-ZS10-Pro-X-No-MIC-150x150.jpg",150,150,true],"medium":["https:\/\/kzcrshop.com\/wp-content\/uploads\/2025\/02\/KZ-ZS10-Pro-X-No-MIC-300x300.jpg",300,300,true],"medium_large":["https:\/\/kzcrshop.com\/wp-content\/uploads\/2025\/02\/KZ-ZS10-Pro-X-No-MIC-768x768.jpg",768,768,true],"large":["https:\/\/kzcrshop.com\/wp-content\/uploads\/2025\/02\/KZ-ZS10-Pro-X-No-MIC.jpg",1000,1000,false],"1536x1536":["https:\/\/kzcrshop.com\/wp-content\/uploads\/2025\/02\/KZ-ZS10-Pro-X-No-MIC.jpg",1000,1000,false],"2048x2048":["https:\/\/kzcrshop.com\/wp-content\/uploads\/2025\/02\/KZ-ZS10-Pro-X-No-MIC.jpg",1000,1000,false],"woocommerce_thumbnail":["https:\/\/kzcrshop.com\/wp-content\/uploads\/2025\/02\/KZ-ZS10-Pro-X-No-MIC-300x300.jpg",300,300,true],"woocommerce_single":["https:\/\/kzcrshop.com\/wp-content\/uploads\/2025\/02\/KZ-ZS10-Pro-X-No-MIC-600x600.jpg",600,600,true],"woocommerce_gallery_thumbnail":["https:\/\/kzcrshop.com\/wp-content\/uploads\/2025\/02\/KZ-ZS10-Pro-X-No-MIC-100x100.jpg",100,100,true]},"uagb_author_info":{"display_name":"kzcrshop.com","author_link":"https:\/\/kzcrshop.com\/?author=0"},"uagb_comment_info":0,"uagb_excerpt":"Auriculares Intraurales con con 10 drivers en formato h\u00edbrido.","_links":{"self":[{"href":"https:\/\/kzcrshop.com\/index.php?rest_route=\/wp\/v2\/product\/2611"}],"collection":[{"href":"https:\/\/kzcrshop.com\/index.php?rest_route=\/wp\/v2\/product"}],"about":[{"href":"https:\/\/kzcrshop.com\/index.php?rest_route=\/wp\/v2\/types\/product"}],"replies":[{"embeddable":true,"href":"https:\/\/kzcrshop.com\/index.php?rest_route=%2Fwp%2Fv2%2Fcomments&post=2611"}],"wp:featuredmedia":[{"embeddable":true,"href":"https:\/\/kzcrshop.com\/index.php?rest_route=\/wp\/v2\/media\/2617"}],"wp:attachment":[{"href":"https:\/\/kzcrshop.com\/index.php?rest_route=%2Fwp%2Fv2%2Fmedia&parent=2611"}],"wp:term":[{"taxonomy":"product_brand","embeddable":true,"href":"https:\/\/kzcrshop.com\/index.php?rest_route=%2Fwp%2Fv2%2Fproduct_brand&post=2611"},{"taxonomy":"product_cat","embeddable":true,"href":"https:\/\/kzcrshop.com\/index.php?rest_route=%2Fwp%2Fv2%2Fproduct_cat&post=2611"},{"taxonomy":"product_tag","embeddable":true,"href":"https:\/\/kzcrshop.com\/index.php?rest_route=%2Fwp%2Fv2%2Fproduct_tag&post=2611"}],"curies":[{"name":"wp","href":"https:\/\/api.w.org\/{rel}","templated":true}]}}