{"id":2943,"date":"2025-05-07T18:15:32","date_gmt":"2025-05-08T00:15:32","guid":{"rendered":"https:\/\/kzcrshop.com\/?post_type=product&#038;p=2943"},"modified":"2026-05-03T13:11:25","modified_gmt":"2026-05-03T19:11:25","slug":"kz-estuche-ovalado","status":"publish","type":"product","link":"https:\/\/kzcrshop.com\/?product=kz-estuche-ovalado","title":{"rendered":"KZ Estuches"},"content":{"rendered":"<p>El estuche de KZ es ideal para llevar los in-ears contigo de manera segura y c\u00f3moda. El material base del estuche es semiduro con imitaci\u00f3n piel, incluye un Zipper de alta calidad que impide que el mismo se abra accidentalmente. El estuche tambi\u00e9n incluye en su interior un compartimiento extra para accesorios.<\/p>\n<p>Las dimensiones del estuche son las siguientes: (10cm x 7cm x 3cm).<\/p>\n<p>El estuche esta disponible en color negro matte.<\/p>\n","protected":false},"excerpt":{"rendered":"<p>Estuche para in-ears KZ.<\/p>\n","protected":false},"featured_media":3082,"comment_status":"open","ping_status":"closed","template":"","meta":{"om_disable_all_campaigns":false,"_uag_custom_page_level_css":"","_monsterinsights_skip_tracking":false,"_monsterinsights_sitenote_active":false,"_monsterinsights_sitenote_note":"","_monsterinsights_sitenote_category":0,"site-sidebar-layout":"default","site-content-layout":"","ast-site-content-layout":"default","site-content-style":"default","site-sidebar-style":"default","ast-global-header-display":"","ast-banner-title-visibility":"","ast-main-header-display":"","ast-hfb-above-header-display":"","ast-hfb-below-header-display":"","ast-hfb-mobile-header-display":"","site-post-title":"","ast-breadcrumbs-content":"","ast-featured-img":"","footer-sml-layout":"","ast-disable-related-posts":"","theme-transparent-header-meta":"default","adv-header-id-meta":"","stick-header-meta":"","header-above-stick-meta":"","header-main-stick-meta":"","header-below-stick-meta":"","astra-migrate-meta-layouts":"set","ast-page-background-enabled":"default","ast-page-background-meta":{"desktop":{"background-color":"var(--ast-global-color-4)","background-image":"","background-repeat":"repeat","background-position":"center center","background-size":"auto","background-attachment":"scroll","background-type":"","background-media":"","overlay-type":"","overlay-color":"","overlay-opacity":"","overlay-gradient":""},"tablet":{"background-color":"","background-image":"","background-repeat":"repeat","background-position":"center center","background-size":"auto","background-attachment":"scroll","background-type":"","background-media":"","overlay-type":"","overlay-color":"","overlay-opacity":"","overlay-gradient":""},"mobile":{"background-color":"","background-image":"","background-repeat":"repeat","background-position":"center center","background-size":"auto","background-attachment":"scroll","background-type":"","background-media":"","overlay-type":"","overlay-color":"","overlay-opacity":"","overlay-gradient":""}},"ast-content-background-meta":{"desktop":{"background-color":"var(--ast-global-color-5)","background-image":"","background-repeat":"repeat","background-position":"center center","background-size":"auto","background-attachment":"scroll","background-type":"","background-media":"","overlay-type":"","overlay-color":"","overlay-opacity":"","overlay-gradient":""},"tablet":{"background-color":"var(--ast-global-color-5)","background-image":"","background-repeat":"repeat","background-position":"center center","background-size":"auto","background-attachment":"scroll","background-type":"","background-media":"","overlay-type":"","overlay-color":"","overlay-opacity":"","overlay-gradient":""},"mobile":{"background-color":"var(--ast-global-color-5)","background-image":"","background-repeat":"repeat","background-position":"center center","background-size":"auto","background-attachment":"scroll","background-type":"","background-media":"","overlay-type":"","overlay-color":"","overlay-opacity":"","overlay-gradient":""}}},"product_brand":[],"product_cat":[47],"product_tag":[39,36,37,38,40],"class_list":{"0":"post-2943","1":"product","2":"type-product","3":"status-publish","4":"has-post-thumbnail","6":"product_cat-accesorios","7":"product_tag-audio","8":"product_tag-auriculares","9":"product_tag-in-ears","10":"product_tag-musica","11":"product_tag-sonido","12":"desktop-align-left","13":"tablet-align-left","14":"mobile-align-left","16":"first","17":"instock","18":"shipping-taxable","19":"purchasable","20":"product-type-variable"},"supplier_id":null,"supplier_sku":"","barcode":null,"atum_controlled":true,"out_stock_date":null,"out_stock_threshold":null,"inheritable":true,"inbound_stock":0,"stock_on_hold":6,"sold_today":0,"sales_last_days":2,"reserved_stock":0,"customer_returns":0,"warehouse_damage":0,"lost_in_post":0,"other_logs":0,"out_stock_days":0,"lost_sales":0,"has_location":false,"update_date":"2026-05-13T04:00:30","atum_locations":[],"atum_stock_status":"instock","restock_status":false,"low_stock_amount":"","sales_update_date":"2026-05-13T04:00:30","calc_backorders":null,"aioseo_notices":[],"uagb_featured_image_src":{"full":["https:\/\/kzcrshop.com\/wp-content\/uploads\/2025\/05\/14877ef1-d08a-43a6-86d5-b9e24b77a495.4b5448a546bfa933ad38c41b6120fa09.avif",1020,1020,false],"thumbnail":["https:\/\/kzcrshop.com\/wp-content\/uploads\/2025\/05\/14877ef1-d08a-43a6-86d5-b9e24b77a495.4b5448a546bfa933ad38c41b6120fa09-150x150.avif",150,150,true],"medium":["https:\/\/kzcrshop.com\/wp-content\/uploads\/2025\/05\/14877ef1-d08a-43a6-86d5-b9e24b77a495.4b5448a546bfa933ad38c41b6120fa09-300x300.avif",300,300,true],"medium_large":["https:\/\/kzcrshop.com\/wp-content\/uploads\/2025\/05\/14877ef1-d08a-43a6-86d5-b9e24b77a495.4b5448a546bfa933ad38c41b6120fa09-768x768.avif",768,768,true],"large":["https:\/\/kzcrshop.com\/wp-content\/uploads\/2025\/05\/14877ef1-d08a-43a6-86d5-b9e24b77a495.4b5448a546bfa933ad38c41b6120fa09.avif",1020,1020,false],"1536x1536":["https:\/\/kzcrshop.com\/wp-content\/uploads\/2025\/05\/14877ef1-d08a-43a6-86d5-b9e24b77a495.4b5448a546bfa933ad38c41b6120fa09.avif",1020,1020,false],"2048x2048":["https:\/\/kzcrshop.com\/wp-content\/uploads\/2025\/05\/14877ef1-d08a-43a6-86d5-b9e24b77a495.4b5448a546bfa933ad38c41b6120fa09.avif",1020,1020,false],"woocommerce_thumbnail":["https:\/\/kzcrshop.com\/wp-content\/uploads\/2025\/05\/14877ef1-d08a-43a6-86d5-b9e24b77a495.4b5448a546bfa933ad38c41b6120fa09-300x300.avif",300,300,true],"woocommerce_single":["https:\/\/kzcrshop.com\/wp-content\/uploads\/2025\/05\/14877ef1-d08a-43a6-86d5-b9e24b77a495.4b5448a546bfa933ad38c41b6120fa09-600x600.avif",600,600,true],"woocommerce_gallery_thumbnail":["https:\/\/kzcrshop.com\/wp-content\/uploads\/2025\/05\/14877ef1-d08a-43a6-86d5-b9e24b77a495.4b5448a546bfa933ad38c41b6120fa09-100x100.avif",100,100,true]},"uagb_author_info":{"display_name":"kzcrshop.com","author_link":"https:\/\/kzcrshop.com\/?author=0"},"uagb_comment_info":0,"uagb_excerpt":"Estuche para in-ears KZ.","_links":{"self":[{"href":"https:\/\/kzcrshop.com\/index.php?rest_route=\/wp\/v2\/product\/2943"}],"collection":[{"href":"https:\/\/kzcrshop.com\/index.php?rest_route=\/wp\/v2\/product"}],"about":[{"href":"https:\/\/kzcrshop.com\/index.php?rest_route=\/wp\/v2\/types\/product"}],"replies":[{"embeddable":true,"href":"https:\/\/kzcrshop.com\/index.php?rest_route=%2Fwp%2Fv2%2Fcomments&post=2943"}],"wp:featuredmedia":[{"embeddable":true,"href":"https:\/\/kzcrshop.com\/index.php?rest_route=\/wp\/v2\/media\/3082"}],"wp:attachment":[{"href":"https:\/\/kzcrshop.com\/index.php?rest_route=%2Fwp%2Fv2%2Fmedia&parent=2943"}],"wp:term":[{"taxonomy":"product_brand","embeddable":true,"href":"https:\/\/kzcrshop.com\/index.php?rest_route=%2Fwp%2Fv2%2Fproduct_brand&post=2943"},{"taxonomy":"product_cat","embeddable":true,"href":"https:\/\/kzcrshop.com\/index.php?rest_route=%2Fwp%2Fv2%2Fproduct_cat&post=2943"},{"taxonomy":"product_tag","embeddable":true,"href":"https:\/\/kzcrshop.com\/index.php?rest_route=%2Fwp%2Fv2%2Fproduct_tag&post=2943"}],"curies":[{"name":"wp","href":"https:\/\/api.w.org\/{rel}","templated":true}]}}