{"id":2970,"date":"2025-05-07T19:43:36","date_gmt":"2025-05-08T01:43:36","guid":{"rendered":"https:\/\/kzcrshop.com\/?post_type=product&#038;p=2970"},"modified":"2026-04-27T14:59:42","modified_gmt":"2026-04-27T20:59:42","slug":"m-vave-mp-10","status":"publish","type":"product","link":"https:\/\/kzcrshop.com\/?product=m-vave-mp-10","title":{"rendered":"M-VAVE WP-10"},"content":{"rendered":"<p>El equipo M-VAVE WP10 est\u00e1 conformado por dos m\u00f3dulos (receptor-transmisor) que utilizan una banda de transmisi\u00f3n inal\u00e1mbrica de 2.4 GHz con tasa de muestro de 24 bits\/48 KHz, brindando al usuario una se\u00f1al de audio con baja latencia y alta resoluci\u00f3n.<\/p>\n<p><strong>Caracter\u00edsticas del equipo:<\/strong><\/p>\n<ul>\n<li>Alcance efectivo de 30 metros de radio.<\/li>\n<li>Autonom\u00eda de 7 horas cuando est\u00e1 completamente cargado (carga USB-C).<\/li>\n<li>El M\u00f3dulo receptor uncluye un interruptor para ejegir entre salida mono\/estereo y botones para ajustar el volumen de salida en 16 niveles.<\/li>\n<li>Retardo &lt;12 ms.<\/li>\n<li>Rango din\u00e1mico 105 dB.<\/li>\n<li>Incluye prensas para sujetarlo.<\/li>\n<li>Incluye cable de carga y cables para conexi\u00f3n de Jack 3.5 mm (macho-macho).<\/li>\n<li>Permite conectar hasta 7 receptores a un mismo transmisor.<\/li>\n<\/ul>\n","protected":false},"excerpt":{"rendered":"<p>Monitores Inal\u00e1mbricos de In-ears.<\/p>\n","protected":false},"featured_media":2957,"comment_status":"open","ping_status":"closed","template":"","meta":{"om_disable_all_campaigns":false,"_uag_custom_page_level_css":"","_monsterinsights_skip_tracking":false,"_monsterinsights_sitenote_active":false,"_monsterinsights_sitenote_note":"","_monsterinsights_sitenote_category":0,"site-sidebar-layout":"default","site-content-layout":"","ast-site-content-layout":"default","site-content-style":"default","site-sidebar-style":"default","ast-global-header-display":"","ast-banner-title-visibility":"","ast-main-header-display":"","ast-hfb-above-header-display":"","ast-hfb-below-header-display":"","ast-hfb-mobile-header-display":"","site-post-title":"","ast-breadcrumbs-content":"","ast-featured-img":"","footer-sml-layout":"","ast-disable-related-posts":"","theme-transparent-header-meta":"default","adv-header-id-meta":"","stick-header-meta":"","header-above-stick-meta":"","header-main-stick-meta":"","header-below-stick-meta":"","astra-migrate-meta-layouts":"set","ast-page-background-enabled":"default","ast-page-background-meta":{"desktop":{"background-color":"var(--ast-global-color-4)","background-image":"","background-repeat":"repeat","background-position":"center center","background-size":"auto","background-attachment":"scroll","background-type":"","background-media":"","overlay-type":"","overlay-color":"","overlay-opacity":"","overlay-gradient":""},"tablet":{"background-color":"","background-image":"","background-repeat":"repeat","background-position":"center center","background-size":"auto","background-attachment":"scroll","background-type":"","background-media":"","overlay-type":"","overlay-color":"","overlay-opacity":"","overlay-gradient":""},"mobile":{"background-color":"","background-image":"","background-repeat":"repeat","background-position":"center center","background-size":"auto","background-attachment":"scroll","background-type":"","background-media":"","overlay-type":"","overlay-color":"","overlay-opacity":"","overlay-gradient":""}},"ast-content-background-meta":{"desktop":{"background-color":"var(--ast-global-color-5)","background-image":"","background-repeat":"repeat","background-position":"center center","background-size":"auto","background-attachment":"scroll","background-type":"","background-media":"","overlay-type":"","overlay-color":"","overlay-opacity":"","overlay-gradient":""},"tablet":{"background-color":"var(--ast-global-color-5)","background-image":"","background-repeat":"repeat","background-position":"center center","background-size":"auto","background-attachment":"scroll","background-type":"","background-media":"","overlay-type":"","overlay-color":"","overlay-opacity":"","overlay-gradient":""},"mobile":{"background-color":"var(--ast-global-color-5)","background-image":"","background-repeat":"repeat","background-position":"center center","background-size":"auto","background-attachment":"scroll","background-type":"","background-media":"","overlay-type":"","overlay-color":"","overlay-opacity":"","overlay-gradient":""}}},"product_brand":[],"product_cat":[47],"product_tag":[],"class_list":{"0":"post-2970","1":"product","2":"type-product","3":"status-publish","4":"has-post-thumbnail","6":"product_cat-accesorios","7":"desktop-align-left","8":"tablet-align-left","9":"mobile-align-left","11":"first","12":"instock","13":"shipping-taxable","14":"purchasable","15":"product-type-variable"},"supplier_id":null,"supplier_sku":"","barcode":null,"atum_controlled":true,"out_stock_date":null,"out_stock_threshold":null,"inheritable":true,"inbound_stock":0,"stock_on_hold":1,"sold_today":0,"sales_last_days":0,"reserved_stock":0,"customer_returns":0,"warehouse_damage":0,"lost_in_post":0,"other_logs":0,"out_stock_days":0,"lost_sales":0,"has_location":false,"update_date":"2026-05-13T04:00:30","atum_locations":[],"atum_stock_status":"instock","restock_status":false,"low_stock_amount":"","sales_update_date":"2026-05-13T04:00:30","calc_backorders":null,"aioseo_notices":[],"uagb_featured_image_src":{"full":["https:\/\/kzcrshop.com\/wp-content\/uploads\/2025\/05\/S9b8179424a344d9a873b7109bf99c50ed-1.avif",1000,1000,false],"thumbnail":["https:\/\/kzcrshop.com\/wp-content\/uploads\/2025\/05\/S9b8179424a344d9a873b7109bf99c50ed-1-150x150.avif",150,150,true],"medium":["https:\/\/kzcrshop.com\/wp-content\/uploads\/2025\/05\/S9b8179424a344d9a873b7109bf99c50ed-1-300x300.avif",300,300,true],"medium_large":["https:\/\/kzcrshop.com\/wp-content\/uploads\/2025\/05\/S9b8179424a344d9a873b7109bf99c50ed-1-768x768.avif",768,768,true],"large":["https:\/\/kzcrshop.com\/wp-content\/uploads\/2025\/05\/S9b8179424a344d9a873b7109bf99c50ed-1.avif",1000,1000,false],"1536x1536":["https:\/\/kzcrshop.com\/wp-content\/uploads\/2025\/05\/S9b8179424a344d9a873b7109bf99c50ed-1.avif",1000,1000,false],"2048x2048":["https:\/\/kzcrshop.com\/wp-content\/uploads\/2025\/05\/S9b8179424a344d9a873b7109bf99c50ed-1.avif",1000,1000,false],"woocommerce_thumbnail":["https:\/\/kzcrshop.com\/wp-content\/uploads\/2025\/05\/S9b8179424a344d9a873b7109bf99c50ed-1-300x300.avif",300,300,true],"woocommerce_single":["https:\/\/kzcrshop.com\/wp-content\/uploads\/2025\/05\/S9b8179424a344d9a873b7109bf99c50ed-1-600x600.avif",600,600,true],"woocommerce_gallery_thumbnail":["https:\/\/kzcrshop.com\/wp-content\/uploads\/2025\/05\/S9b8179424a344d9a873b7109bf99c50ed-1-100x100.avif",100,100,true]},"uagb_author_info":{"display_name":"kzcrshop.com","author_link":"https:\/\/kzcrshop.com\/?author=0"},"uagb_comment_info":0,"uagb_excerpt":"Monitores Inal\u00e1mbricos de In-ears.","_links":{"self":[{"href":"https:\/\/kzcrshop.com\/index.php?rest_route=\/wp\/v2\/product\/2970"}],"collection":[{"href":"https:\/\/kzcrshop.com\/index.php?rest_route=\/wp\/v2\/product"}],"about":[{"href":"https:\/\/kzcrshop.com\/index.php?rest_route=\/wp\/v2\/types\/product"}],"replies":[{"embeddable":true,"href":"https:\/\/kzcrshop.com\/index.php?rest_route=%2Fwp%2Fv2%2Fcomments&post=2970"}],"wp:featuredmedia":[{"embeddable":true,"href":"https:\/\/kzcrshop.com\/index.php?rest_route=\/wp\/v2\/media\/2957"}],"wp:attachment":[{"href":"https:\/\/kzcrshop.com\/index.php?rest_route=%2Fwp%2Fv2%2Fmedia&parent=2970"}],"wp:term":[{"taxonomy":"product_brand","embeddable":true,"href":"https:\/\/kzcrshop.com\/index.php?rest_route=%2Fwp%2Fv2%2Fproduct_brand&post=2970"},{"taxonomy":"product_cat","embeddable":true,"href":"https:\/\/kzcrshop.com\/index.php?rest_route=%2Fwp%2Fv2%2Fproduct_cat&post=2970"},{"taxonomy":"product_tag","embeddable":true,"href":"https:\/\/kzcrshop.com\/index.php?rest_route=%2Fwp%2Fv2%2Fproduct_tag&post=2970"}],"curies":[{"name":"wp","href":"https:\/\/api.w.org\/{rel}","templated":true}]}}